{"id":2,"date":"2019-08-02T16:48:30","date_gmt":"2019-08-02T14:48:30","guid":{"rendered":"http:\/\/fotam.eu\/?page_id=2"},"modified":"2019-08-02T18:38:21","modified_gmt":"2019-08-02T16:38:21","slug":"page-d-exemple","status":"publish","type":"page","link":"https:\/\/fotam.eu\/?page_id=2","title":{"rendered":"L&rsquo;exp\u00e9rience \u00e0 votre service"},"content":{"rendered":"\n<div class=\"wp-block-media-text alignwide\" style=\"grid-template-columns:37% auto\"><figure class=\"wp-block-media-text__media\"><img loading=\"lazy\" decoding=\"async\" width=\"179\" height=\"201\" src=\"https:\/\/fotam.eu\/wp-content\/uploads\/2019\/08\/parabol.png\" alt=\"\" class=\"wp-image-7\"\/><\/figure><div class=\"wp-block-media-text__content\">\n<h4 class=\"wp-block-heading\"> Fort d&rsquo;une longue exp\u00e9rience dans le domaine des t\u00e9l\u00e9communications, propose ses services pour : <\/h4>\n\n\n\n<ul class=\"wp-block-list\"><li>Prospection de nouveaux clients<\/li><li>Etude de cahiers de charges.<\/li><li>Etablissement de dossiers de candidature.<\/li><li>Contacts avec les Autorit\u00e9s et Administrations.<\/li><li>Recherche de produits et fournisseurs potentiels,demandes de prix.<\/li><li>Calcul des prix de revient et de vente, r\u00e9daction et suivi des offres.<\/li><li>Contacts avec les Autorit\u00e9s et Administrations.<\/li><li>Support logistique.<\/li><li>Suivi, surveillance de chantiers d&rsquo;installation d&rsquo;\u00e9quipements de t\u00e9l\u00e9communications.<\/li><li>Mesures, mise en service, d\u00e9pannage de ces \u00e9quipements.  <\/li><\/ul>\n\n\n\n<p><\/p>\n<\/div><\/div>\n\n\n\n<p><strong><em>Ces comp\u00e9tences ont \u00e9t\u00e9 exerc\u00e9es au sein de diverses soci\u00e9t\u00e9s :<\/em><\/strong><\/p>\n\n\n\n<ul class=\"wp-block-list\"><li>SAIT Electronics<\/li><li>RFS (Radio Frequency Systems)<\/li><li>GRANIOU Belgium<\/li><li>SEE Telecom<\/li><li>SADE Telecom<\/li><\/ul>\n","protected":false},"excerpt":{"rendered":"<p>Fort d&rsquo;une longue exp\u00e9rience dans le domaine des t\u00e9l\u00e9communications, propose ses services pour : Prospection de nouveaux clients Etude de cahiers de charges. Etablissement de dossiers de candidature. Contacts avec les Autorit\u00e9s et Administrations. Recherche de produits et fournisseurs potentiels,demandes de prix. Calcul des prix de revient et de vente, r\u00e9daction et suivi des offres. [&hellip;]<\/p>\n","protected":false},"author":1,"featured_media":0,"parent":0,"menu_order":0,"comment_status":"closed","ping_status":"open","template":"","meta":{"footnotes":""},"class_list":["post-2","page","type-page","status-publish","hentry"],"_links":{"self":[{"href":"https:\/\/fotam.eu\/index.php?rest_route=\/wp\/v2\/pages\/2","targetHints":{"allow":["GET"]}}],"collection":[{"href":"https:\/\/fotam.eu\/index.php?rest_route=\/wp\/v2\/pages"}],"about":[{"href":"https:\/\/fotam.eu\/index.php?rest_route=\/wp\/v2\/types\/page"}],"author":[{"embeddable":true,"href":"https:\/\/fotam.eu\/index.php?rest_route=\/wp\/v2\/users\/1"}],"replies":[{"embeddable":true,"href":"https:\/\/fotam.eu\/index.php?rest_route=%2Fwp%2Fv2%2Fcomments&post=2"}],"version-history":[{"count":7,"href":"https:\/\/fotam.eu\/index.php?rest_route=\/wp\/v2\/pages\/2\/revisions"}],"predecessor-version":[{"id":18,"href":"https:\/\/fotam.eu\/index.php?rest_route=\/wp\/v2\/pages\/2\/revisions\/18"}],"wp:attachment":[{"href":"https:\/\/fotam.eu\/index.php?rest_route=%2Fwp%2Fv2%2Fmedia&parent=2"}],"curies":[{"name":"wp","href":"https:\/\/api.w.org\/{rel}","templated":true}]}}